{"id":17,"date":"2024-12-08T18:19:52","date_gmt":"2024-12-08T18:19:52","guid":{"rendered":"https:\/\/nexaco.fr\/?page_id=17"},"modified":"2025-03-29T11:27:27","modified_gmt":"2025-03-29T11:27:27","slug":"nos-missions","status":"publish","type":"page","link":"https:\/\/nexaco.fr\/index.php\/nos-missions\/","title":{"rendered":"Nos missions"},"content":{"rendered":"\n<div class=\"wp-block-group is-layout-constrained wp-block-group-is-layout-constrained\">\n<h2 class=\"wp-block-heading has-light-color-color has-text-color has-link-color wp-elements-88009ebf5d8ac5300661436823896f17\"><strong>La Comptabilit\u00e9<\/strong><\/h2>\n\n\n\n<p>Base de notre m\u00e9tier, la comptabilit\u00e9 regroupe plusieurs aspects\u00a0:<\/p>\n\n\n\n<ul class=\"wp-block-list\">\n<li><strong>Tenue comptable<\/strong> : saisie et traitement de toutes les pi\u00e8ces comptables.<\/li>\n\n\n\n<li><strong>R\u00e9vision comptable<\/strong> : contr\u00f4le et validation des \u00e9critures r\u00e9alis\u00e9es par vos services.<\/li>\n\n\n\n<li><strong>\u00c9tablissement des \u00e9tats financiers<\/strong> : comptes de r\u00e9sultat, bilans, soldes interm\u00e9diaires de gestion.<\/li>\n\n\n\n<li><strong>Accompagnement strat\u00e9gique<\/strong> : r\u00e9alisation de situations interm\u00e9diaires, pr\u00e9visionnels et business plans.<\/li>\n<\/ul>\n<\/div>\n\n\n\n<div class=\"wp-block-group is-layout-constrained wp-block-group-is-layout-constrained\">\n<h2 class=\"wp-block-heading has-light-color-color has-text-color has-link-color wp-elements-3c964eb96f419e8df4f3c90932e80502\"><strong>La fiscalit\u00e9<\/strong><\/h2>\n\n\n\n<p>Un compl\u00e9ment naturel \u00e0 la comptabilit\u00e9, notre mission fiscale consiste \u00e0 vous simplifier la vie tout en remplissant l\u2019ensemble de vos obligations&nbsp;:<\/p>\n\n\n\n<ul class=\"wp-block-list\">\n<li>D\u00e9clarations fiscales\u00a0: TVA, imp\u00f4t sur les soci\u00e9t\u00e9s, taxe sur les v\u00e9hicules de soci\u00e9t\u00e9s, liasses fiscales, etc.<\/li>\n\n\n\n<li>Transmission directe et s\u00e9curis\u00e9e des informations aux imp\u00f4ts gr\u00e2ce \u00e0 nos outils performants.<\/li>\n\n\n\n<li>Recherche de solutions fiscales adapt\u00e9es \u00e0 votre situation.<\/li>\n<\/ul>\n\n\n\n<p><strong>Objectif :<\/strong> vous d\u00e9charger des pr\u00e9occupations administratives et garantir votre conformit\u00e9.<\/p>\n<\/div>\n\n\n\n<div class=\"wp-block-group is-layout-constrained wp-block-group-is-layout-constrained\">\n<h2 class=\"wp-block-heading has-light-color-color has-text-color has-link-color wp-elements-8ffbd8ce8767ecc64ee1de04ded93052\"><strong>Le juridique<\/strong><\/h2>\n\n\n\n<p>Gr\u00e2ce \u00e0 notre partenariat avec un p\u00f4le juridique sp\u00e9cialis\u00e9, nous proposons une prestation compl\u00e8te\u00a0:<\/p>\n\n\n\n<ul class=\"wp-block-list\">\n<li><strong>Juridique exceptionnel<\/strong>\u00a0: cession ou acquisition de parts sociales, changement de forme juridique, etc.<\/li>\n\n\n\n<li><strong>Cr\u00e9ation d\u2019entreprise<\/strong>\u00a0: r\u00e9daction des statuts, d\u00e9claration en fonction de votre statut social, annonces l\u00e9gales.<\/li>\n\n\n\n<li><strong>Juridique courant<\/strong>\u00a0: organisation des assembl\u00e9es g\u00e9n\u00e9rales ordinaires et extraordinaires.<\/li>\n<\/ul>\n<\/div>\n\n\n\n<div class=\"wp-block-group is-layout-constrained wp-block-group-is-layout-constrained\">\n<h2 class=\"wp-block-heading has-light-color-color has-text-color has-link-color wp-elements-a61ca2d0783afb09809036f7b6d097e4\"><strong>Le social<\/strong><\/h2>\n\n\n\n<p>Nous prenons en charge toutes vos obligations sociales pour vous permettre de vous concentrer sur l\u2019essentiel&nbsp;:<\/p>\n\n\n\n<ul class=\"wp-block-list\">\n<li>R\u00e9daction des contrats de travail et d\u00e9clarations pr\u00e9alables \u00e0 l\u2019embauche.<\/li>\n\n\n\n<li>\u00c9tablissement des fiches de paie et d\u00e9clarations sociales (mensuelles, trimestrielles, annuelles).<\/li>\n\n\n\n<li>Gestion des d\u00e9parts\u00a0: documents li\u00e9s au solde de tout compte, ruptures conventionnelles, etc&#8230;<\/li>\n<\/ul>\n\n\n\n<p><strong>Avantage :<\/strong> nos logiciels communiquent avec les principaux organismes (URSSAF, caisses de retraite, pr\u00e9voyance) pour une gestion fluide et sans stress.<\/p>\n<\/div>\n\n\n\n<div class=\"wp-block-group is-layout-constrained wp-block-group-is-layout-constrained\">\n<h2 class=\"wp-block-heading has-light-color-color has-text-color has-link-color wp-elements-e748fd09033964b569b70b31651a6fee\"><strong>&nbsp;Le conseil<\/strong><\/h2>\n\n\n\n<p>Le conseil n\u2019est pas une mission isol\u00e9e&nbsp;; il est int\u00e9gr\u00e9 dans chaque \u00e9tape de notre accompagnement.<\/p>\n\n\n\n<ul class=\"wp-block-list\">\n<li><strong>Cr\u00e9ation d\u2019entreprise<\/strong> : choix de la forme juridique et du statut social du dirigeant.<\/li>\n\n\n\n<li><strong>Accompagnement strat\u00e9gique<\/strong> : analyses et recommandations pour vous aider \u00e0 prendre les meilleures d\u00e9cisions.<\/li>\n\n\n\n<li><strong>Am\u00e9lioration continue<\/strong> : appui dans la gestion quotidienne pour maximiser vos r\u00e9sultats.<\/li>\n<\/ul>\n\n\n\n<p><strong>Notre objectif :<\/strong> \u00eatre \u00e0 vos c\u00f4t\u00e9s pour chaque d\u00e9cision strat\u00e9gique et op\u00e9rationnelle.<\/p>\n<\/div>\n\n\n\n<div class=\"wp-block-group is-layout-constrained wp-block-group-is-layout-constrained\">\n<h2 class=\"wp-block-heading has-light-color-color has-text-color has-link-color wp-elements-ee7fc27bc1dd8675bc78e1a22358f4a8\"><strong>\u00a0<strong>Informatique et Solutions Digitales<\/strong><\/strong><\/h2>\n\n\n\n<p>Pour r\u00e9pondre aux besoins des entreprises, nous mettons \u00e0 votre disposition des outils num\u00e9riques performants et adapt\u00e9s&nbsp;:<\/p>\n\n\n\n<ul class=\"wp-block-list\">\n<li><strong>Logiciel de facturation<\/strong> : une solution compl\u00e8te r\u00e9pondant aux exigences l\u00e9gales, notamment en mati\u00e8re de conformit\u00e9 et de tra\u00e7abilit\u00e9 des transactions.<\/li>\n\n\n\n<li><strong>Pr\u00e9paration \u00e0 la facture \u00e9lectronique<\/strong> : nous avons d\u00e9j\u00e0 adopt\u00e9 un logiciel compatible avec les futures obligations l\u00e9gales en mati\u00e8re de facture \u00e9lectronique, pour vous assurer une transition fluide et sans contrainte.<\/li>\n\n\n\n<li><strong>Plateforme num\u00e9rique s\u00e9curis\u00e9e<\/strong> : pour d\u00e9poser vos documents en ligne, accessibles en tout temps, et simplifier vos \u00e9changes avec notre cabinet.<\/li>\n\n\n\n<li><strong>Logiciel comptable complet<\/strong> : id\u00e9al pour les entreprises disposant d\u2019un comptable en interne. Notre solution garantit une tenue comptable efficace, avec un logiciel r\u00e9pondant \u00e0 tous les besoins et conforme aux normes en vigueur, tout en offrant une grande simplicit\u00e9 d\u2019utilisation.<\/li>\n<\/ul>\n\n\n\n<p><strong>Notre objectif :<\/strong> vous accompagner dans votre transformation digitale et vous fournir des outils fiables pour optimiser votre gestion administrative et comptable<\/p>\n<\/div>\n","protected":false},"excerpt":{"rendered":"<p>La Comptabilit\u00e9 Base de notre m\u00e9tier, la comptabilit\u00e9 regroupe plusieurs aspects\u00a0: La fiscalit\u00e9 Un compl\u00e9ment naturel \u00e0 la comptabilit\u00e9, notre mission fiscale consiste \u00e0 vous simplifier la vie tout en remplissant l\u2019ensemble de vos obligations&nbsp;: Objectif : vous d\u00e9charger des pr\u00e9occupations administratives et garantir votre conformit\u00e9. Le juridique Gr\u00e2ce \u00e0 notre partenariat avec un p\u00f4le&#8230;<\/p>\n","protected":false},"author":1,"featured_media":66,"parent":0,"menu_order":0,"comment_status":"closed","ping_status":"closed","template":"","meta":{"footnotes":""},"class_list":["post-17","page","type-page","status-publish","has-post-thumbnail","hentry"],"_links":{"self":[{"href":"https:\/\/nexaco.fr\/index.php\/wp-json\/wp\/v2\/pages\/17","targetHints":{"allow":["GET"]}}],"collection":[{"href":"https:\/\/nexaco.fr\/index.php\/wp-json\/wp\/v2\/pages"}],"about":[{"href":"https:\/\/nexaco.fr\/index.php\/wp-json\/wp\/v2\/types\/page"}],"author":[{"embeddable":true,"href":"https:\/\/nexaco.fr\/index.php\/wp-json\/wp\/v2\/users\/1"}],"replies":[{"embeddable":true,"href":"https:\/\/nexaco.fr\/index.php\/wp-json\/wp\/v2\/comments?post=17"}],"version-history":[{"count":5,"href":"https:\/\/nexaco.fr\/index.php\/wp-json\/wp\/v2\/pages\/17\/revisions"}],"predecessor-version":[{"id":47,"href":"https:\/\/nexaco.fr\/index.php\/wp-json\/wp\/v2\/pages\/17\/revisions\/47"}],"wp:featuredmedia":[{"embeddable":true,"href":"https:\/\/nexaco.fr\/index.php\/wp-json\/wp\/v2\/media\/66"}],"wp:attachment":[{"href":"https:\/\/nexaco.fr\/index.php\/wp-json\/wp\/v2\/media?parent=17"}],"curies":[{"name":"wp","href":"https:\/\/api.w.org\/{rel}","templated":true}]}}