{"id":26,"date":"2024-12-10T13:10:55","date_gmt":"2024-12-10T13:10:55","guid":{"rendered":"https:\/\/nexaco.fr\/?page_id=26"},"modified":"2025-03-29T11:22:12","modified_gmt":"2025-03-29T11:22:12","slug":"acces-client","status":"publish","type":"page","link":"https:\/\/nexaco.fr\/index.php\/acces-client\/","title":{"rendered":"Acc\u00e8s client"},"content":{"rendered":"\n<h2 class=\"wp-block-heading has-light-color-color has-text-color has-link-color wp-elements-21a03451749f345b983d6c7a07322c23\">Acc\u00e8s client<\/h2>\n\n\n\n<p>Lien vers votre plateforme de facture \u00e9lectronique :<\/p>\n\n\n\n<div class=\"wp-block-buttons is-layout-flex wp-block-buttons-is-layout-flex\">\n<div class=\"wp-block-button is-style-fill\"><a class=\"wp-block-button__link has-light-color-color has-text-color has-link-color wp-element-button\" href=\"https:\/\/business.cegid.cloud\/\">Facture \u00e9lectronique<\/a><\/div>\n\n\n\n<div class=\"wp-block-button\"><a class=\"wp-block-button__link has-light-color-color has-text-color has-link-color wp-element-button\" href=\"https:\/\/www.youtube.com\/watch?v=dIwilVeawLA\">Tutoriel<\/a><\/div>\n<\/div>\n\n\n\n<p>Vous pouvez t\u00e9l\u00e9charger votre acc\u00e8s client \u00e0 la Box en cliquant sur le bouton suivant :<\/p>\n\n\n\n<div class=\"wp-block-buttons is-layout-flex wp-block-buttons-is-layout-flex\">\n<div class=\"wp-block-button\"><a class=\"wp-block-button__link has-light-color-color has-text-color has-link-color wp-element-button\" href=\"https:\/\/90452397-quadraweb.cegid.com\/qws\">T\u00e9l\u00e9charger<\/a><\/div>\n<\/div>\n\n\n\n<p>Liens vers votre box:<\/p>\n\n\n\n<div class=\"wp-block-buttons is-layout-flex wp-block-buttons-is-layout-flex\">\n<div class=\"wp-block-button\"><a class=\"wp-block-button__link has-light-color-color has-text-color has-link-color wp-element-button\" href=\"http:\/\/www.quadraondemand.com\/\">Box<\/a><\/div>\n<\/div>\n","protected":false},"excerpt":{"rendered":"<p>Acc\u00e8s client Lien vers votre plateforme de facture \u00e9lectronique : Vous pouvez t\u00e9l\u00e9charger votre acc\u00e8s client \u00e0 la Box en cliquant sur le bouton suivant : Liens vers votre box:<\/p>\n","protected":false},"author":1,"featured_media":60,"parent":0,"menu_order":0,"comment_status":"closed","ping_status":"closed","template":"","meta":{"footnotes":""},"class_list":["post-26","page","type-page","status-publish","has-post-thumbnail","hentry"],"_links":{"self":[{"href":"https:\/\/nexaco.fr\/index.php\/wp-json\/wp\/v2\/pages\/26","targetHints":{"allow":["GET"]}}],"collection":[{"href":"https:\/\/nexaco.fr\/index.php\/wp-json\/wp\/v2\/pages"}],"about":[{"href":"https:\/\/nexaco.fr\/index.php\/wp-json\/wp\/v2\/types\/page"}],"author":[{"embeddable":true,"href":"https:\/\/nexaco.fr\/index.php\/wp-json\/wp\/v2\/users\/1"}],"replies":[{"embeddable":true,"href":"https:\/\/nexaco.fr\/index.php\/wp-json\/wp\/v2\/comments?post=26"}],"version-history":[{"count":7,"href":"https:\/\/nexaco.fr\/index.php\/wp-json\/wp\/v2\/pages\/26\/revisions"}],"predecessor-version":[{"id":58,"href":"https:\/\/nexaco.fr\/index.php\/wp-json\/wp\/v2\/pages\/26\/revisions\/58"}],"wp:featuredmedia":[{"embeddable":true,"href":"https:\/\/nexaco.fr\/index.php\/wp-json\/wp\/v2\/media\/60"}],"wp:attachment":[{"href":"https:\/\/nexaco.fr\/index.php\/wp-json\/wp\/v2\/media?parent=26"}],"curies":[{"name":"wp","href":"https:\/\/api.w.org\/{rel}","templated":true}]}}